{"id":405,"date":"2023-04-19T13:28:02","date_gmt":"2023-04-19T13:28:02","guid":{"rendered":"https:\/\/server.ecoledessables.org\/?page_id=405"},"modified":"2025-02-20T08:29:52","modified_gmt":"2025-02-20T08:29:52","slug":"visitez","status":"publish","type":"page","link":"http:\/\/ecoledessables.org\/en\/visitez\/","title":{"rendered":"Visit"},"content":{"rendered":"<div data-elementor-type=\"wp-page\" data-elementor-id=\"405\" class=\"elementor elementor-405\" data-elementor-post-type=\"page\">\n\t\t\t\t\t\t<section class=\"elementor-section elementor-top-section elementor-element elementor-element-6594b27 elementor-section-full_width elementor-section-height-default elementor-section-height-default\" data-id=\"6594b27\" data-element_type=\"section\" data-settings=\"{&quot;background_background&quot;:&quot;video&quot;,&quot;background_video_link&quot;:&quot;https:\\\/\\\/ecoledessables.org\\\/wp-content\\\/uploads\\\/2024\\\/03\\\/Ecole-des-Sables-visit-video.mp4&quot;,&quot;background_play_on_mobile&quot;:&quot;yes&quot;}\">\n\t\t\t\t\t\t\t\t<div class=\"elementor-background-video-container\" aria-hidden=\"true\">\n\t\t\t\t\t\t\t\t\t\t\t\t\t<video class=\"elementor-background-video-hosted\" autoplay muted playsinline loop><\/video>\n\t\t\t\t\t\t\t\t\t\t\t<\/div>\n\t\t\t\t\t\t\t\t<div class=\"elementor-container elementor-column-gap-default\">\n\t\t\t\t\t<div class=\"elementor-column elementor-col-100 elementor-top-column elementor-element elementor-element-459d405\" data-id=\"459d405\" data-element_type=\"column\">\n\t\t\t<div class=\"elementor-widget-wrap\">\n\t\t\t\t\t\t\t<\/div>\n\t\t<\/div>\n\t\t\t\t\t<\/div>\n\t\t<\/section>\n\t\t\t\t<section class=\"elementor-section elementor-top-section elementor-element elementor-element-52fa107 elementor-section-full_width elementor-section-height-default elementor-section-height-default\" data-id=\"52fa107\" data-element_type=\"section\">\n\t\t\t\t\t\t<div class=\"elementor-container elementor-column-gap-default\">\n\t\t\t\t\t<div class=\"elementor-column elementor-col-100 elementor-top-column elementor-element elementor-element-50b2268\" data-id=\"50b2268\" data-element_type=\"column\">\n\t\t\t<div class=\"elementor-widget-wrap elementor-element-populated\">\n\t\t\t\t\t\t<div class=\"elementor-element elementor-element-6d5ecd0 elementor-widget elementor-widget-heading\" data-id=\"6d5ecd0\" data-element_type=\"widget\" data-widget_type=\"heading.default\">\n\t\t\t\t<div class=\"elementor-widget-container\">\n\t\t\t\t\t<h2 class=\"elementor-heading-title elementor-size-default\">Visit our school<\/h2>\t\t\t\t<\/div>\n\t\t\t\t<\/div>\n\t\t\t\t<div class=\"elementor-element elementor-element-81c880a elementor-widget elementor-widget-text-editor\" data-id=\"81c880a\" data-element_type=\"widget\" data-widget_type=\"text-editor.default\">\n\t\t\t\t<div class=\"elementor-widget-container\">\n\t\t\t\t\t\t\t\t\t<h6>Toubab Dialaw, Dakar Region<\/h6><p>BP 22626 - CP 15523 Dakar - Senegal<\/p>\t\t\t\t\t\t\t\t<\/div>\n\t\t\t\t<\/div>\n\t\t\t\t<div class=\"elementor-element elementor-element-b7220bd elementor-widget elementor-widget-heading\" data-id=\"b7220bd\" data-element_type=\"widget\" data-widget_type=\"heading.default\">\n\t\t\t\t<div class=\"elementor-widget-container\">\n\t\t\t\t\t<h2 class=\"elementor-heading-title elementor-size-default\">Opening hours\n<\/h2>\t\t\t\t<\/div>\n\t\t\t\t<\/div>\n\t\t\t\t<div class=\"elementor-element elementor-element-50e7f28 elementor-widget elementor-widget-text-editor\" data-id=\"50e7f28\" data-element_type=\"widget\" data-widget_type=\"text-editor.default\">\n\t\t\t\t<div class=\"elementor-widget-container\">\n\t\t\t\t\t\t\t\t\tMonday to Friday: <b>09.30 am - 5.30 pm<\/b><br>\nSaturday and Sunday: <b>CLOSED<\/b>\t\t\t\t\t\t\t\t<\/div>\n\t\t\t\t<\/div>\n\t\t\t\t<div class=\"elementor-element elementor-element-98723e3 elementor-widget elementor-widget-spacer\" data-id=\"98723e3\" data-element_type=\"widget\" data-widget_type=\"spacer.default\">\n\t\t\t\t<div class=\"elementor-widget-container\">\n\t\t\t\t\t\t\t<div class=\"elementor-spacer\">\n\t\t\t<div class=\"elementor-spacer-inner\"><\/div>\n\t\t<\/div>\n\t\t\t\t\t\t<\/div>\n\t\t\t\t<\/div>\n\t\t\t\t<div class=\"elementor-element elementor-element-37f8857 elementor-align-left elementor-mobile-align-center elementor-widget elementor-widget-button\" data-id=\"37f8857\" data-element_type=\"widget\" data-widget_type=\"button.default\">\n\t\t\t\t<div class=\"elementor-widget-container\">\n\t\t\t\t\t\t\t\t\t<div class=\"elementor-button-wrapper\">\n\t\t\t\t\t<a class=\"elementor-button elementor-button-link elementor-size-xs\" href=\"mailto:logistique@ecoledessables.org\" target=\"_blank\">\n\t\t\t\t\t\t<span class=\"elementor-button-content-wrapper\">\n\t\t\t\t\t\t\t\t\t<span class=\"elementor-button-text\">Book a visit<\/span>\n\t\t\t\t\t<\/span>\n\t\t\t\t\t<\/a>\n\t\t\t\t<\/div>\n\t\t\t\t\t\t\t\t<\/div>\n\t\t\t\t<\/div>\n\t\t\t\t\t<\/div>\n\t\t<\/div>\n\t\t\t\t\t<\/div>\n\t\t<\/section>\n\t\t\t\t<section class=\"elementor-section elementor-top-section elementor-element elementor-element-04df68e elementor-section-full_width elementor-section-height-default elementor-section-height-default\" data-id=\"04df68e\" data-element_type=\"section\">\n\t\t\t\t\t\t<div class=\"elementor-container elementor-column-gap-no\">\n\t\t\t\t\t<div class=\"elementor-column elementor-col-100 elementor-top-column elementor-element elementor-element-735ecda\" data-id=\"735ecda\" data-element_type=\"column\">\n\t\t\t<div class=\"elementor-widget-wrap elementor-element-populated\">\n\t\t\t\t\t\t<div class=\"elementor-element elementor-element-772e3bc elementor-widget elementor-widget-google_maps\" data-id=\"772e3bc\" data-element_type=\"widget\" data-widget_type=\"google_maps.default\">\n\t\t\t\t<div class=\"elementor-widget-container\">\n\t\t\t\t\t\t\t<div class=\"elementor-custom-embed\">\n\t\t\t<iframe loading=\"lazy\"\n\t\t\t\t\tsrc=\"https:\/\/maps.google.com\/maps?q=%C3%89COLE%20DES%20SABLES%20toubab%20dialaw&#038;t=m&#038;z=10&#038;output=embed&#038;iwloc=near\"\n\t\t\t\t\ttitle=\"ECOLE DES SABLES toubab dialaw\"\n\t\t\t\t\taria-label=\"ECOLE DES SABLES toubab dialaw\"\n\t\t\t><\/iframe>\n\t\t<\/div>\n\t\t\t\t\t\t<\/div>\n\t\t\t\t<\/div>\n\t\t\t\t\t<\/div>\n\t\t<\/div>\n\t\t\t\t\t<\/div>\n\t\t<\/section>\n\t\t\t\t<\/div>","protected":false},"excerpt":{"rendered":"<p>Visitez notre \u00e9cole Toubab Dialaw, R\u00e9gion de Dakar BP 22626 &#8211; CP 15523 Dakar &#8211; S\u00e9n\u00e9gal Horaires d&rsquo;ouverture Lundi au vendredi : 09:30 &#8211; 17:30 h Samedi et dimanche : FERM\u00c9 Reserver une visite<\/p>","protected":false},"author":2,"featured_media":0,"parent":0,"menu_order":0,"comment_status":"closed","ping_status":"closed","template":"elementor_header_footer","meta":{"_acf_changed":false,"give_campaign_id":0,"footnotes":""},"class_list":["post-405","page","type-page","status-publish","hentry"],"acf":[],"yoast_head":"<!-- This site is optimized with the Yoast SEO plugin v27.4 - https:\/\/yoast.com\/product\/yoast-seo-wordpress\/ -->\n<title>Visitez - \u00c9cole des Sables<\/title>\n<meta name=\"description\" content=\"Learn how you can visit Ecole des Sables. Contact us now and book your visit with us!\" \/>\n<meta name=\"robots\" content=\"index, follow, max-snippet:-1, max-image-preview:large, max-video-preview:-1\" \/>\n<link rel=\"canonical\" href=\"https:\/\/ecoledessables.org\/en\/visitez\/\" \/>\n<meta property=\"og:locale\" content=\"en_GB\" \/>\n<meta property=\"og:type\" content=\"article\" \/>\n<meta property=\"og:title\" content=\"Visitez - \u00c9cole des Sables\" \/>\n<meta property=\"og:description\" content=\"Learn how you can visit Ecole des Sables. Contact us now and book your visit with us!\" \/>\n<meta property=\"og:url\" content=\"https:\/\/ecoledessables.org\/en\/visitez\/\" \/>\n<meta property=\"og:site_name\" content=\"\u00c9cole des Sables\" \/>\n<meta property=\"article:modified_time\" content=\"2025-02-20T08:29:52+00:00\" \/>\n<meta name=\"twitter:card\" content=\"summary_large_image\" \/>\n<meta name=\"twitter:label1\" content=\"Estimated reading time\" \/>\n\t<meta name=\"twitter:data1\" content=\"1 minute\" \/>\n<script type=\"application\/ld+json\" class=\"yoast-schema-graph\">{\"@context\":\"https:\\\/\\\/schema.org\",\"@graph\":[{\"@type\":\"WebPage\",\"@id\":\"https:\\\/\\\/ecoledessables.org\\\/visitez\\\/\",\"url\":\"https:\\\/\\\/ecoledessables.org\\\/visitez\\\/\",\"name\":\"Visitez - \u00c9cole des Sables\",\"isPartOf\":{\"@id\":\"https:\\\/\\\/ecoledessables.org\\\/#website\"},\"datePublished\":\"2023-04-19T13:28:02+00:00\",\"dateModified\":\"2025-02-20T08:29:52+00:00\",\"description\":\"Learn how you can visit Ecole des Sables. Contact us now and book your visit with us!\",\"breadcrumb\":{\"@id\":\"https:\\\/\\\/ecoledessables.org\\\/visitez\\\/#breadcrumb\"},\"inLanguage\":\"en-GB\",\"potentialAction\":[{\"@type\":\"ReadAction\",\"target\":[\"https:\\\/\\\/ecoledessables.org\\\/visitez\\\/\"]}]},{\"@type\":\"BreadcrumbList\",\"@id\":\"https:\\\/\\\/ecoledessables.org\\\/visitez\\\/#breadcrumb\",\"itemListElement\":[{\"@type\":\"ListItem\",\"position\":1,\"name\":\"Home\",\"item\":\"https:\\\/\\\/ecoledessables.org\\\/\"},{\"@type\":\"ListItem\",\"position\":2,\"name\":\"Visitez\"}]},{\"@type\":\"WebSite\",\"@id\":\"https:\\\/\\\/ecoledessables.org\\\/#website\",\"url\":\"https:\\\/\\\/ecoledessables.org\\\/\",\"name\":\"\u00c9cole des Sables\",\"description\":\"Centre International des Danses Africaines Traditionnelles et Contemporaines\",\"publisher\":{\"@id\":\"https:\\\/\\\/ecoledessables.org\\\/#organization\"},\"potentialAction\":[{\"@type\":\"SearchAction\",\"target\":{\"@type\":\"EntryPoint\",\"urlTemplate\":\"https:\\\/\\\/ecoledessables.org\\\/?s={search_term_string}\"},\"query-input\":{\"@type\":\"PropertyValueSpecification\",\"valueRequired\":true,\"valueName\":\"search_term_string\"}}],\"inLanguage\":\"en-GB\"},{\"@type\":\"Organization\",\"@id\":\"https:\\\/\\\/ecoledessables.org\\\/#organization\",\"name\":\"\u00c9cole des Sables\",\"url\":\"https:\\\/\\\/ecoledessables.org\\\/\",\"logo\":{\"@type\":\"ImageObject\",\"inLanguage\":\"en-GB\",\"@id\":\"https:\\\/\\\/ecoledessables.org\\\/#\\\/schema\\\/logo\\\/image\\\/\",\"url\":\"https:\\\/\\\/ecoledessables.org\\\/wp-content\\\/uploads\\\/2026\\\/03\\\/Logo-EDS-B.png\",\"contentUrl\":\"https:\\\/\\\/ecoledessables.org\\\/wp-content\\\/uploads\\\/2026\\\/03\\\/Logo-EDS-B.png\",\"width\":500,\"height\":500,\"caption\":\"\u00c9cole des Sables\"},\"image\":{\"@id\":\"https:\\\/\\\/ecoledessables.org\\\/#\\\/schema\\\/logo\\\/image\\\/\"}}]}<\/script>\n<!-- \/ Yoast SEO plugin. -->","yoast_head_json":{"title":"Visitez - \u00c9cole des Sables","description":"Learn how you can visit Ecole des Sables. Contact us now and book your visit with us!","robots":{"index":"index","follow":"follow","max-snippet":"max-snippet:-1","max-image-preview":"max-image-preview:large","max-video-preview":"max-video-preview:-1"},"canonical":"https:\/\/ecoledessables.org\/en\/visitez\/","og_locale":"en_GB","og_type":"article","og_title":"Visitez - \u00c9cole des Sables","og_description":"Learn how you can visit Ecole des Sables. Contact us now and book your visit with us!","og_url":"https:\/\/ecoledessables.org\/en\/visitez\/","og_site_name":"\u00c9cole des Sables","article_modified_time":"2025-02-20T08:29:52+00:00","twitter_card":"summary_large_image","twitter_misc":{"Estimated reading time":"1 minute"},"schema":{"@context":"https:\/\/schema.org","@graph":[{"@type":"WebPage","@id":"https:\/\/ecoledessables.org\/visitez\/","url":"https:\/\/ecoledessables.org\/visitez\/","name":"Visitez - \u00c9cole des Sables","isPartOf":{"@id":"https:\/\/ecoledessables.org\/#website"},"datePublished":"2023-04-19T13:28:02+00:00","dateModified":"2025-02-20T08:29:52+00:00","description":"Learn how you can visit Ecole des Sables. Contact us now and book your visit with us!","breadcrumb":{"@id":"https:\/\/ecoledessables.org\/visitez\/#breadcrumb"},"inLanguage":"en-GB","potentialAction":[{"@type":"ReadAction","target":["https:\/\/ecoledessables.org\/visitez\/"]}]},{"@type":"BreadcrumbList","@id":"https:\/\/ecoledessables.org\/visitez\/#breadcrumb","itemListElement":[{"@type":"ListItem","position":1,"name":"Home","item":"https:\/\/ecoledessables.org\/"},{"@type":"ListItem","position":2,"name":"Visitez"}]},{"@type":"WebSite","@id":"https:\/\/ecoledessables.org\/#website","url":"https:\/\/ecoledessables.org\/","name":"Ecole des Sables","description":"Centre International des Danses Africaines Traditionnelles et Contemporaines","publisher":{"@id":"https:\/\/ecoledessables.org\/#organization"},"potentialAction":[{"@type":"SearchAction","target":{"@type":"EntryPoint","urlTemplate":"https:\/\/ecoledessables.org\/?s={search_term_string}"},"query-input":{"@type":"PropertyValueSpecification","valueRequired":true,"valueName":"search_term_string"}}],"inLanguage":"en-GB"},{"@type":"Organization","@id":"https:\/\/ecoledessables.org\/#organization","name":"Ecole des Sables","url":"https:\/\/ecoledessables.org\/","logo":{"@type":"ImageObject","inLanguage":"en-GB","@id":"https:\/\/ecoledessables.org\/#\/schema\/logo\/image\/","url":"https:\/\/ecoledessables.org\/wp-content\/uploads\/2026\/03\/Logo-EDS-B.png","contentUrl":"https:\/\/ecoledessables.org\/wp-content\/uploads\/2026\/03\/Logo-EDS-B.png","width":500,"height":500,"caption":"\u00c9cole des Sables"},"image":{"@id":"https:\/\/ecoledessables.org\/#\/schema\/logo\/image\/"}}]}},"campaignId":"","_links":{"self":[{"href":"http:\/\/ecoledessables.org\/en\/wp-json\/wp\/v2\/pages\/405","targetHints":{"allow":["GET"]}}],"collection":[{"href":"http:\/\/ecoledessables.org\/en\/wp-json\/wp\/v2\/pages"}],"about":[{"href":"http:\/\/ecoledessables.org\/en\/wp-json\/wp\/v2\/types\/page"}],"author":[{"embeddable":true,"href":"http:\/\/ecoledessables.org\/en\/wp-json\/wp\/v2\/users\/2"}],"replies":[{"embeddable":true,"href":"http:\/\/ecoledessables.org\/en\/wp-json\/wp\/v2\/comments?post=405"}],"version-history":[{"count":123,"href":"http:\/\/ecoledessables.org\/en\/wp-json\/wp\/v2\/pages\/405\/revisions"}],"predecessor-version":[{"id":7939,"href":"http:\/\/ecoledessables.org\/en\/wp-json\/wp\/v2\/pages\/405\/revisions\/7939"}],"wp:attachment":[{"href":"http:\/\/ecoledessables.org\/en\/wp-json\/wp\/v2\/media?parent=405"}],"curies":[{"name":"wp","href":"https:\/\/api.w.org\/{rel}","templated":true}]}}