{"id":452,"date":"2023-04-19T16:24:53","date_gmt":"2023-04-19T16:24:53","guid":{"rendered":"https:\/\/server.ecoledessables.org\/?page_id=452"},"modified":"2025-11-19T06:39:53","modified_gmt":"2025-11-19T06:39:53","slug":"contact","status":"publish","type":"page","link":"http:\/\/ecoledessables.org\/en\/contact\/","title":{"rendered":"Contact"},"content":{"rendered":"\t\t<div data-elementor-type=\"wp-page\" data-elementor-id=\"452\" class=\"elementor elementor-452\" data-elementor-post-type=\"page\">\n\t\t\t\t\t\t<section class=\"elementor-section elementor-top-section elementor-element elementor-element-7de9453b elementor-section-full_width elementor-section-height-default elementor-section-height-default\" data-id=\"7de9453b\" data-element_type=\"section\" data-settings=\"{&quot;background_background&quot;:&quot;classic&quot;}\">\n\t\t\t\t\t\t<div class=\"elementor-container elementor-column-gap-default\">\n\t\t\t\t\t<div class=\"elementor-column elementor-col-100 elementor-top-column elementor-element elementor-element-3a08b4c2\" data-id=\"3a08b4c2\" data-element_type=\"column\">\n\t\t\t<div class=\"elementor-widget-wrap\">\n\t\t\t\t\t\t\t<\/div>\n\t\t<\/div>\n\t\t\t\t\t<\/div>\n\t\t<\/section>\n\t\t\t\t<section class=\"elementor-section elementor-top-section elementor-element elementor-element-30168f24 elementor-section-full_width elementor-section-height-default elementor-section-height-default\" data-id=\"30168f24\" data-element_type=\"section\">\n\t\t\t\t\t\t<div class=\"elementor-container elementor-column-gap-default\">\n\t\t\t\t\t<div class=\"elementor-column elementor-col-50 elementor-top-column elementor-element elementor-element-7f2438c5\" data-id=\"7f2438c5\" data-element_type=\"column\">\n\t\t\t<div class=\"elementor-widget-wrap elementor-element-populated\">\n\t\t\t\t\t\t<div class=\"elementor-element elementor-element-69a7d858 elementor-widget elementor-widget-heading\" data-id=\"69a7d858\" data-element_type=\"widget\" data-widget_type=\"heading.default\">\n\t\t\t\t<div class=\"elementor-widget-container\">\n\t\t\t\t\t<h2 class=\"elementor-heading-title elementor-size-default\">Contactez-nous<\/h2>\t\t\t\t<\/div>\n\t\t\t\t<\/div>\n\t\t\t\t<div class=\"elementor-element elementor-element-b9df115 elementor-widget elementor-widget-text-editor\" data-id=\"b9df115\" data-element_type=\"widget\" data-widget_type=\"text-editor.default\">\n\t\t\t\t<div class=\"elementor-widget-container\">\n\t\t\t\t\t\t\t\t\tCentre International des Danses Africaines Traditionnelles et Contemporaines.\n\t\t\t\t\t\t\t\t<\/div>\n\t\t\t\t<\/div>\n\t\t\t\t<div class=\"elementor-element elementor-element-96c86bb elementor-widget elementor-widget-text-editor\" data-id=\"96c86bb\" data-element_type=\"widget\" data-widget_type=\"text-editor.default\">\n\t\t\t\t<div class=\"elementor-widget-container\">\n\t\t\t\t\t\t\t\t\t<p>L&rsquo;\u00c9cole des Sables<br \/>Toubab Dialaw, CP 15 523 Dakar, S\u00e9n\u00e9gal<br \/><br \/>(221) 33 836 36 19<br \/><b>info@ecoledessables.org<\/b><\/p>\t\t\t\t\t\t\t\t<\/div>\n\t\t\t\t<\/div>\n\t\t\t\t<div class=\"elementor-element elementor-element-c91c2bb elementor-hidden-desktop elementor-widget elementor-widget-spacer\" data-id=\"c91c2bb\" data-element_type=\"widget\" data-widget_type=\"spacer.default\">\n\t\t\t\t<div class=\"elementor-widget-container\">\n\t\t\t\t\t\t\t<div class=\"elementor-spacer\">\n\t\t\t<div class=\"elementor-spacer-inner\"><\/div>\n\t\t<\/div>\n\t\t\t\t\t\t<\/div>\n\t\t\t\t<\/div>\n\t\t\t\t<div class=\"elementor-element elementor-element-55a3b7c elementor-widget elementor-widget-htmega-button-addons\" data-id=\"55a3b7c\" data-element_type=\"widget\" data-widget_type=\"htmega-button-addons.default\">\n\t\t\t\t<div class=\"elementor-widget-container\">\n\t\t\t\t\t<div class=\"htmega-button htmega-btn-style-4 htmega-btn-shadow-0\"><a href=\"https:\/\/ce4194f9.sibforms.com\/serve\/MUIFAIFxAbcOq_StMIRkUFRSe5USYhj0F5UqYnwwwjysxsX7WjUACwPcJ1vQUFmrhkxYIcybrr8ImEbQBThXLgxwF4zhSr0ftx0UmvCsyhZKvl1u5U6rqujEOYsQSxQwJDlPsX2ZSIdFiYjjejwt1hCLrlCEs5qE08dISSlvFyK6p_hM3bLRK4e4_zp4OWR-M6EdMaGq604VpUbq\" class=\"htb-btn htmega-btn-size-md htmega-btn-effect-0 elementor-animation-float\">S'abonner \u00e0 la newsletter<\/a><\/div>\t\t\t\t<\/div>\n\t\t\t\t<\/div>\n\t\t\t\t\t<\/div>\n\t\t<\/div>\n\t\t\t\t<div class=\"elementor-column elementor-col-50 elementor-top-column elementor-element elementor-element-6c8e590e\" data-id=\"6c8e590e\" data-element_type=\"column\" data-settings=\"{&quot;background_background&quot;:&quot;classic&quot;}\">\n\t\t\t<div class=\"elementor-widget-wrap elementor-element-populated\">\n\t\t\t\t\t\t<div class=\"elementor-element elementor-element-18eddf3 elementor-button-align-start elementor-mobile-button-align-center elementor-widget__width-initial elementor-widget elementor-widget-form\" data-id=\"18eddf3\" data-element_type=\"widget\" data-settings=\"{&quot;button_width&quot;:&quot;80&quot;,&quot;step_next_label&quot;:&quot;Envoyer&quot;,&quot;step_previous_label&quot;:&quot;Pr\\u00e9c\\u00e9dent&quot;,&quot;step_type&quot;:&quot;number_text&quot;,&quot;step_icon_shape&quot;:&quot;circle&quot;}\" data-widget_type=\"form.default\">\n\t\t\t\t<div class=\"elementor-widget-container\">\n\t\t\t\t\t\t\t<form class=\"elementor-form\" method=\"post\" id=\"contact_form\" name=\"Nouveau formulaire\" aria-label=\"Nouveau formulaire\" novalidate=\"\">\n\t\t\t<input type=\"hidden\" name=\"post_id\" value=\"452\"\/>\n\t\t\t<input type=\"hidden\" name=\"form_id\" value=\"18eddf3\"\/>\n\t\t\t<input type=\"hidden\" name=\"referer_title\" value=\"Contact - \u00c9cole des Sables\" \/>\n\n\t\t\t\t\t\t\t<input type=\"hidden\" name=\"queried_id\" value=\"452\"\/>\n\t\t\t\n\t\t\t<div class=\"elementor-form-fields-wrapper elementor-labels-above\">\n\t\t\t\t\t\t\t\t<div class=\"elementor-field-type-text elementor-field-group elementor-column elementor-field-group-name elementor-col-50 elementor-sm-100 elementor-field-required elementor-mark-required\">\n\t\t\t\t\t\t\t\t\t\t\t\t<label for=\"form-field-name\" class=\"elementor-field-label\">\n\t\t\t\t\t\t\t\tNom\t\t\t\t\t\t\t<\/label>\n\t\t\t\t\t\t\t\t\t\t\t\t\t\t<input size=\"1\" type=\"text\" name=\"form_fields[name]\" id=\"form-field-name\" class=\"elementor-field elementor-size-sm  elementor-field-textual\" required=\"required\">\n\t\t\t\t\t\t\t\t\t\t\t<\/div>\n\t\t\t\t\t\t\t\t<div class=\"elementor-field-type-text elementor-field-group elementor-column elementor-field-group-field_9d980bf elementor-col-50 elementor-field-required elementor-mark-required\">\n\t\t\t\t\t\t\t\t\t\t\t\t<label for=\"form-field-field_9d980bf\" class=\"elementor-field-label\">\n\t\t\t\t\t\t\t\tPr\u00e9nom\t\t\t\t\t\t\t<\/label>\n\t\t\t\t\t\t\t\t\t\t\t\t\t\t<input size=\"1\" type=\"text\" name=\"form_fields[field_9d980bf]\" id=\"form-field-field_9d980bf\" class=\"elementor-field elementor-size-sm  elementor-field-textual\" required=\"required\">\n\t\t\t\t\t\t\t\t\t\t\t<\/div>\n\t\t\t\t\t\t\t\t<div class=\"elementor-field-type-email elementor-field-group elementor-column elementor-field-group-email elementor-col-50 elementor-field-required elementor-mark-required\">\n\t\t\t\t\t\t\t\t\t\t\t\t<label for=\"form-field-email\" class=\"elementor-field-label\">\n\t\t\t\t\t\t\t\tE-mail\t\t\t\t\t\t\t<\/label>\n\t\t\t\t\t\t\t\t\t\t\t\t\t\t<input size=\"1\" type=\"email\" name=\"form_fields[email]\" id=\"form-field-email\" class=\"elementor-field elementor-size-sm  elementor-field-textual\" required=\"required\">\n\t\t\t\t\t\t\t\t\t\t\t<\/div>\n\t\t\t\t\t\t\t\t<div class=\"elementor-field-type-tel elementor-field-group elementor-column elementor-field-group-field_9fadf40 elementor-col-50\">\n\t\t\t\t\t\t\t\t\t\t\t\t<label for=\"form-field-field_9fadf40\" class=\"elementor-field-label\">\n\t\t\t\t\t\t\t\tT\u00e9lephone\t\t\t\t\t\t\t<\/label>\n\t\t\t\t\t\t\t\t<input size=\"1\" type=\"tel\" name=\"form_fields[field_9fadf40]\" id=\"form-field-field_9fadf40\" class=\"elementor-field elementor-size-sm  elementor-field-textual\" pattern=\"[0-9()#&amp;+*-=.]+\" title=\"Seuls les caract\u00e8res de num\u00e9ros de t\u00e9l\u00e9phone (#, -, *, etc.) sont accept\u00e9s.\">\n\n\t\t\t\t\t\t<\/div>\n\t\t\t\t\t\t\t\t<div class=\"elementor-field-type-textarea elementor-field-group elementor-column elementor-field-group-message elementor-col-100 elementor-field-required elementor-mark-required\">\n\t\t\t\t\t\t\t\t\t\t\t\t<label for=\"form-field-message\" class=\"elementor-field-label\">\n\t\t\t\t\t\t\t\tMessage\t\t\t\t\t\t\t<\/label>\n\t\t\t\t\t\t<textarea class=\"elementor-field-textual elementor-field  elementor-size-sm\" name=\"form_fields[message]\" id=\"form-field-message\" rows=\"4\" required=\"required\"><\/textarea>\t\t\t\t<\/div>\n\t\t\t\t\t\t\t\t<div class=\"elementor-field-group elementor-column elementor-field-type-submit elementor-col-80 e-form__buttons\">\n\t\t\t\t\t<button class=\"elementor-button elementor-size-sm\" type=\"submit\">\n\t\t\t\t\t\t<span class=\"elementor-button-content-wrapper\">\n\t\t\t\t\t\t\t\t\t\t\t\t\t\t\t\t\t\t\t\t\t\t<span class=\"elementor-button-text\">Envoyer<\/span>\n\t\t\t\t\t\t\t\t\t\t\t\t\t<\/span>\n\t\t\t\t\t<\/button>\n\t\t\t\t<\/div>\n\t\t\t<\/div>\n\t\t<\/form>\n\t\t\t\t\t\t<\/div>\n\t\t\t\t<\/div>\n\t\t\t\t\t<\/div>\n\t\t<\/div>\n\t\t\t\t\t<\/div>\n\t\t<\/section>\n\t\t\t\t<\/div>\n\t\t","protected":false},"excerpt":{"rendered":"<p>Contactez-nous Centre International des Danses Africaines Traditionnelles et Contemporaines. L&rsquo;\u00c9cole des SablesToubab Dialaw, CP 15 523 Dakar, S\u00e9n\u00e9gal (221) 33 836 36 19info@ecoledessables.org S&rsquo;abonner \u00e0 la newsletter<\/p>","protected":false},"author":2,"featured_media":0,"parent":0,"menu_order":0,"comment_status":"closed","ping_status":"closed","template":"elementor_header_footer","meta":{"_acf_changed":false,"give_campaign_id":0,"footnotes":""},"class_list":["post-452","page","type-page","status-publish","hentry"],"acf":[],"yoast_head":"<!-- This site is optimized with the Yoast SEO plugin v27.4 - https:\/\/yoast.com\/product\/yoast-seo-wordpress\/ -->\n<title>Contact - \u00c9cole des Sables<\/title>\n<meta name=\"description\" content=\"Where is Ecole des Sables? How can we contact Ecole des Sables? Find all our information here!\" \/>\n<meta name=\"robots\" content=\"index, follow, max-snippet:-1, max-image-preview:large, max-video-preview:-1\" \/>\n<link rel=\"canonical\" href=\"https:\/\/ecoledessables.org\/en\/contact\/\" \/>\n<meta property=\"og:locale\" content=\"en_GB\" \/>\n<meta property=\"og:type\" content=\"article\" \/>\n<meta property=\"og:title\" content=\"Contact - \u00c9cole des Sables\" \/>\n<meta property=\"og:description\" content=\"Where is Ecole des Sables? How can we contact Ecole des Sables? Find all our information here!\" \/>\n<meta property=\"og:url\" content=\"https:\/\/ecoledessables.org\/en\/contact\/\" \/>\n<meta property=\"og:site_name\" content=\"\u00c9cole des Sables\" \/>\n<meta property=\"article:modified_time\" content=\"2025-11-19T06:39:53+00:00\" \/>\n<meta name=\"twitter:card\" content=\"summary_large_image\" \/>\n<meta name=\"twitter:label1\" content=\"Estimated reading time\" \/>\n\t<meta name=\"twitter:data1\" content=\"1 minute\" \/>\n<script type=\"application\/ld+json\" class=\"yoast-schema-graph\">{\"@context\":\"https:\\\/\\\/schema.org\",\"@graph\":[{\"@type\":\"WebPage\",\"@id\":\"https:\\\/\\\/ecoledessables.org\\\/contact\\\/\",\"url\":\"https:\\\/\\\/ecoledessables.org\\\/contact\\\/\",\"name\":\"Contact - \u00c9cole des Sables\",\"isPartOf\":{\"@id\":\"https:\\\/\\\/ecoledessables.org\\\/#website\"},\"datePublished\":\"2023-04-19T16:24:53+00:00\",\"dateModified\":\"2025-11-19T06:39:53+00:00\",\"description\":\"Where is Ecole des Sables? How can we contact Ecole des Sables? Find all our information here!\",\"breadcrumb\":{\"@id\":\"https:\\\/\\\/ecoledessables.org\\\/contact\\\/#breadcrumb\"},\"inLanguage\":\"en-GB\",\"potentialAction\":[{\"@type\":\"ReadAction\",\"target\":[\"https:\\\/\\\/ecoledessables.org\\\/contact\\\/\"]}]},{\"@type\":\"BreadcrumbList\",\"@id\":\"https:\\\/\\\/ecoledessables.org\\\/contact\\\/#breadcrumb\",\"itemListElement\":[{\"@type\":\"ListItem\",\"position\":1,\"name\":\"Home\",\"item\":\"https:\\\/\\\/ecoledessables.org\\\/\"},{\"@type\":\"ListItem\",\"position\":2,\"name\":\"Contact\"}]},{\"@type\":\"WebSite\",\"@id\":\"https:\\\/\\\/ecoledessables.org\\\/#website\",\"url\":\"https:\\\/\\\/ecoledessables.org\\\/\",\"name\":\"\u00c9cole des Sables\",\"description\":\"Centre International des Danses Africaines Traditionnelles et Contemporaines\",\"publisher\":{\"@id\":\"https:\\\/\\\/ecoledessables.org\\\/#organization\"},\"potentialAction\":[{\"@type\":\"SearchAction\",\"target\":{\"@type\":\"EntryPoint\",\"urlTemplate\":\"https:\\\/\\\/ecoledessables.org\\\/?s={search_term_string}\"},\"query-input\":{\"@type\":\"PropertyValueSpecification\",\"valueRequired\":true,\"valueName\":\"search_term_string\"}}],\"inLanguage\":\"en-GB\"},{\"@type\":\"Organization\",\"@id\":\"https:\\\/\\\/ecoledessables.org\\\/#organization\",\"name\":\"\u00c9cole des Sables\",\"url\":\"https:\\\/\\\/ecoledessables.org\\\/\",\"logo\":{\"@type\":\"ImageObject\",\"inLanguage\":\"en-GB\",\"@id\":\"https:\\\/\\\/ecoledessables.org\\\/#\\\/schema\\\/logo\\\/image\\\/\",\"url\":\"https:\\\/\\\/ecoledessables.org\\\/wp-content\\\/uploads\\\/2026\\\/03\\\/Logo-EDS-B.png\",\"contentUrl\":\"https:\\\/\\\/ecoledessables.org\\\/wp-content\\\/uploads\\\/2026\\\/03\\\/Logo-EDS-B.png\",\"width\":500,\"height\":500,\"caption\":\"\u00c9cole des Sables\"},\"image\":{\"@id\":\"https:\\\/\\\/ecoledessables.org\\\/#\\\/schema\\\/logo\\\/image\\\/\"}}]}<\/script>\n<!-- \/ Yoast SEO plugin. -->","yoast_head_json":{"title":"Contact - \u00c9cole des Sables","description":"Where is Ecole des Sables? How can we contact Ecole des Sables? Find all our information here!","robots":{"index":"index","follow":"follow","max-snippet":"max-snippet:-1","max-image-preview":"max-image-preview:large","max-video-preview":"max-video-preview:-1"},"canonical":"https:\/\/ecoledessables.org\/en\/contact\/","og_locale":"en_GB","og_type":"article","og_title":"Contact - \u00c9cole des Sables","og_description":"Where is Ecole des Sables? How can we contact Ecole des Sables? Find all our information here!","og_url":"https:\/\/ecoledessables.org\/en\/contact\/","og_site_name":"\u00c9cole des Sables","article_modified_time":"2025-11-19T06:39:53+00:00","twitter_card":"summary_large_image","twitter_misc":{"Estimated reading time":"1 minute"},"schema":{"@context":"https:\/\/schema.org","@graph":[{"@type":"WebPage","@id":"https:\/\/ecoledessables.org\/contact\/","url":"https:\/\/ecoledessables.org\/contact\/","name":"Contact - \u00c9cole des Sables","isPartOf":{"@id":"https:\/\/ecoledessables.org\/#website"},"datePublished":"2023-04-19T16:24:53+00:00","dateModified":"2025-11-19T06:39:53+00:00","description":"Where is Ecole des Sables? How can we contact Ecole des Sables? Find all our information here!","breadcrumb":{"@id":"https:\/\/ecoledessables.org\/contact\/#breadcrumb"},"inLanguage":"en-GB","potentialAction":[{"@type":"ReadAction","target":["https:\/\/ecoledessables.org\/contact\/"]}]},{"@type":"BreadcrumbList","@id":"https:\/\/ecoledessables.org\/contact\/#breadcrumb","itemListElement":[{"@type":"ListItem","position":1,"name":"Home","item":"https:\/\/ecoledessables.org\/"},{"@type":"ListItem","position":2,"name":"Contact"}]},{"@type":"WebSite","@id":"https:\/\/ecoledessables.org\/#website","url":"https:\/\/ecoledessables.org\/","name":"Ecole des Sables","description":"Centre International des Danses Africaines Traditionnelles et Contemporaines","publisher":{"@id":"https:\/\/ecoledessables.org\/#organization"},"potentialAction":[{"@type":"SearchAction","target":{"@type":"EntryPoint","urlTemplate":"https:\/\/ecoledessables.org\/?s={search_term_string}"},"query-input":{"@type":"PropertyValueSpecification","valueRequired":true,"valueName":"search_term_string"}}],"inLanguage":"en-GB"},{"@type":"Organization","@id":"https:\/\/ecoledessables.org\/#organization","name":"Ecole des Sables","url":"https:\/\/ecoledessables.org\/","logo":{"@type":"ImageObject","inLanguage":"en-GB","@id":"https:\/\/ecoledessables.org\/#\/schema\/logo\/image\/","url":"https:\/\/ecoledessables.org\/wp-content\/uploads\/2026\/03\/Logo-EDS-B.png","contentUrl":"https:\/\/ecoledessables.org\/wp-content\/uploads\/2026\/03\/Logo-EDS-B.png","width":500,"height":500,"caption":"\u00c9cole des Sables"},"image":{"@id":"https:\/\/ecoledessables.org\/#\/schema\/logo\/image\/"}}]}},"campaignId":"","_links":{"self":[{"href":"http:\/\/ecoledessables.org\/en\/wp-json\/wp\/v2\/pages\/452","targetHints":{"allow":["GET"]}}],"collection":[{"href":"http:\/\/ecoledessables.org\/en\/wp-json\/wp\/v2\/pages"}],"about":[{"href":"http:\/\/ecoledessables.org\/en\/wp-json\/wp\/v2\/types\/page"}],"author":[{"embeddable":true,"href":"http:\/\/ecoledessables.org\/en\/wp-json\/wp\/v2\/users\/2"}],"replies":[{"embeddable":true,"href":"http:\/\/ecoledessables.org\/en\/wp-json\/wp\/v2\/comments?post=452"}],"version-history":[{"count":68,"href":"http:\/\/ecoledessables.org\/en\/wp-json\/wp\/v2\/pages\/452\/revisions"}],"predecessor-version":[{"id":8665,"href":"http:\/\/ecoledessables.org\/en\/wp-json\/wp\/v2\/pages\/452\/revisions\/8665"}],"wp:attachment":[{"href":"http:\/\/ecoledessables.org\/en\/wp-json\/wp\/v2\/media?parent=452"}],"curies":[{"name":"wp","href":"https:\/\/api.w.org\/{rel}","templated":true}]}}