{"id":461,"date":"2023-04-19T16:45:24","date_gmt":"2023-04-19T16:45:24","guid":{"rendered":"https:\/\/server.ecoledessables.org\/?page_id=461"},"modified":"2024-09-09T18:19:31","modified_gmt":"2024-09-09T17:19:31","slug":"support","status":"publish","type":"page","link":"http:\/\/ecoledessables.org\/en\/support\/","title":{"rendered":"Support"},"content":{"rendered":"<div data-elementor-type=\"wp-page\" data-elementor-id=\"461\" class=\"elementor elementor-461\" data-elementor-post-type=\"page\">\n\t\t\t\t\t\t<section class=\"elementor-section elementor-top-section elementor-element elementor-element-6b4824ce elementor-section-full_width elementor-section-height-default elementor-section-height-default\" data-id=\"6b4824ce\" data-element_type=\"section\" data-settings=\"{&quot;background_background&quot;:&quot;classic&quot;}\">\n\t\t\t\t\t\t<div class=\"elementor-container elementor-column-gap-default\">\n\t\t\t\t\t<div class=\"elementor-column elementor-col-100 elementor-top-column elementor-element elementor-element-5ea55195\" data-id=\"5ea55195\" data-element_type=\"column\">\n\t\t\t<div class=\"elementor-widget-wrap\">\n\t\t\t\t\t\t\t<\/div>\n\t\t<\/div>\n\t\t\t\t\t<\/div>\n\t\t<\/section>\n\t\t\t\t<section class=\"elementor-section elementor-top-section elementor-element elementor-element-629546 elementor-section-full_width elementor-section-height-default elementor-section-height-default\" data-id=\"629546\" data-element_type=\"section\">\n\t\t\t\t\t\t<div class=\"elementor-container elementor-column-gap-default\">\n\t\t\t\t\t<div class=\"elementor-column elementor-col-50 elementor-top-column elementor-element elementor-element-229d0bc2\" data-id=\"229d0bc2\" data-element_type=\"column\">\n\t\t\t<div class=\"elementor-widget-wrap elementor-element-populated\">\n\t\t\t\t\t\t<div class=\"elementor-element elementor-element-2aedfe7b elementor-widget elementor-widget-heading\" data-id=\"2aedfe7b\" data-element_type=\"widget\" data-widget_type=\"heading.default\">\n\t\t\t\t<div class=\"elementor-widget-container\">\n\t\t\t\t\t<h2 class=\"elementor-heading-title elementor-size-default\">Make a donation<\/h2>\t\t\t\t<\/div>\n\t\t\t\t<\/div>\n\t\t\t\t<div class=\"elementor-element elementor-element-114f8ea elementor-widget elementor-widget-text-editor\" data-id=\"114f8ea\" data-element_type=\"widget\" data-widget_type=\"text-editor.default\">\n\t\t\t\t<div class=\"elementor-widget-container\">\n\t\t\t\t\t\t\t\t\t<p>Ecole des Sables is a not-for-profit organisation and part of its budget comes from donations.<br \/>There are different ways for you to become partners in the journey, the dream and the realisation of EDS.<br \/>Whether it's a small or large donation, each partnership enables us to continue to explore, create, educate and convey the art of traditional and contemporary African dance.<\/p>\t\t\t\t\t\t\t\t<\/div>\n\t\t\t\t<\/div>\n\t\t\t\t<div class=\"elementor-element elementor-element-b457ce6 elementor-hidden-mobile elementor-widget elementor-widget-spacer\" data-id=\"b457ce6\" data-element_type=\"widget\" data-widget_type=\"spacer.default\">\n\t\t\t\t<div class=\"elementor-widget-container\">\n\t\t\t\t\t\t\t<div class=\"elementor-spacer\">\n\t\t\t<div class=\"elementor-spacer-inner\"><\/div>\n\t\t<\/div>\n\t\t\t\t\t\t<\/div>\n\t\t\t\t<\/div>\n\t\t\t\t<div class=\"elementor-element elementor-element-a9ef253 elementor-widget elementor-widget-text-editor\" data-id=\"a9ef253\" data-element_type=\"widget\" data-widget_type=\"text-editor.default\">\n\t\t\t\t<div class=\"elementor-widget-container\">\n\t\t\t\t\t\t\t\t\tIf you require any further information, please contact us and we will be happy to answer your questions.\n\t\t\t\t\t\t\t\t<\/div>\n\t\t\t\t<\/div>\n\t\t\t\t<div class=\"elementor-element elementor-element-697c6ee elementor-hidden-mobile elementor-widget elementor-widget-spacer\" data-id=\"697c6ee\" data-element_type=\"widget\" data-widget_type=\"spacer.default\">\n\t\t\t\t<div class=\"elementor-widget-container\">\n\t\t\t\t\t\t\t<div class=\"elementor-spacer\">\n\t\t\t<div class=\"elementor-spacer-inner\"><\/div>\n\t\t<\/div>\n\t\t\t\t\t\t<\/div>\n\t\t\t\t<\/div>\n\t\t\t\t<div class=\"elementor-element elementor-element-501df87 elementor-widget elementor-widget-heading\" data-id=\"501df87\" data-element_type=\"widget\" data-widget_type=\"heading.default\">\n\t\t\t\t<div class=\"elementor-widget-container\">\n\t\t\t\t\t<h2 class=\"elementor-heading-title elementor-size-default\">Thank you for your time and consideration <\/h2>\t\t\t\t<\/div>\n\t\t\t\t<\/div>\n\t\t\t\t\t<\/div>\n\t\t<\/div>\n\t\t\t\t<div class=\"elementor-column elementor-col-50 elementor-top-column elementor-element elementor-element-1068ad32 elementor-hidden-desktop elementor-hidden-tablet elementor-hidden-mobile\" data-id=\"1068ad32\" data-element_type=\"column\">\n\t\t\t<div class=\"elementor-widget-wrap elementor-element-populated\">\n\t\t\t\t\t\t<div class=\"elementor-element elementor-element-529c178 elementor-widget__width-initial elementor-widget elementor-widget-shortcode\" data-id=\"529c178\" data-element_type=\"widget\" data-no-translation=\"\" data-widget_type=\"shortcode.default\">\n\t\t\t\t<div class=\"elementor-widget-container\">\n\t\t\t\t\t<style>.elementor-element-529c178{display:none !important}<\/style>\t\t\t\t<\/div>\n\t\t\t\t<\/div>\n\t\t\t\t<div class=\"elementor-element elementor-element-9e42954 elementor-widget__width-initial elementor-widget elementor-widget-shortcode\" data-id=\"9e42954\" data-element_type=\"widget\" data-no-translation=\"\" data-widget_type=\"shortcode.default\">\n\t\t\t\t<div class=\"elementor-widget-container\">\n\t\t\t\t\t\t\t<div class=\"elementor-shortcode\"><div class=\"give-embed-form-wrapper\" id=\"give-69e0696f75e5a\"><iframe\n\t\t\t\tname=\"give-embed-form\"\n\t\t\t\tsrc=\"http:\/\/ecoledessables.org\/en\/give\/donation-form?giveDonationFormInIframe=1\"\n\t\t\t\t\n\t\t\t\tdata-autoscroll=\"0\"\n\t\t\t\tonload=\"if( 'undefined' !== typeof Give ) { Give.initializeIframeResize(this) }\"\n\t\t\t\tstyle=\"border: 0;visibility: hidden;min-height: 598px;\"><\/iframe><div class=\"iframe-loader\">\n<div style=\"\t\theight: calc(100% - 28px);\t\twidth: calc(100% - 20px);\t\tmax-width: 552px;\t\tmargin: 10px auto 10px auto;\t\tbackground: transparent;\t\tborder-radius: 6px;\t\tdisplay: flex;\t\talign-items: center;\t\tjustify-content: center;\t\">\n    <div style=\"        pointer-events: none;        height: 90px;        width: 90px;        background-image: url(&quot;data:image\/svg+xml;charset=utf8,%3C?xml version='1.0' encoding='utf-8'?%3E%3C!-- Generator: Adobe Illustrator 24.1.0, SVG Export Plug-In . SVG Version: 6.00 Build 0) --%3E%3Csvg version='1.1' id='Layer_1' xmlns='http:\/\/www.w3.org\/2000\/svg' xmlns:xlink='http:\/\/www.w3.org\/1999\/xlink' x='0px' y='0px' viewBox='0 0 349 348' style='enable-background:new 0 0 349 348;' xml:space='preserve'%3E%3Cstyle type='text\/css'%3E .st0{fill:%23860728;} %3C\/style%3E%3Cpath class='st0' d='M25.1,204.57c-13.38,0-24.47-10.6-24.97-24.08C0.04,178.09,0,175.97,0,174C0,77.78,78.28-0.5,174.5-0.5 c13.81,0,25,11.19,25,25s-11.19,25-25,25C105.85,49.5,50,105.35,50,174c0,1.37,0.03,2.85,0.1,4.65c0.51,13.8-10.27,25.39-24.07,25.9 C25.72,204.56,25.41,204.57,25.1,204.57z'\/%3E%3Cpath class='st0' d='M174.5,348.5c-13.81,0-25-11.19-25-25c0-13.81,11.19-25,25-25c68.65,0,124.5-55.85,124.5-124.5 c0-1.38-0.03-2.85-0.1-4.65c-0.51-13.8,10.26-25.4,24.06-25.91c13.83-0.53,25.4,10.26,25.91,24.06c0.09,2.39,0.13,4.51,0.13,6.49 C349,270.22,270.72,348.5,174.5,348.5z'\/%3E%3C\/svg%3E&quot;);        animation: spin 0.6s linear infinite;        \"><\/div>\n<\/div>\n<\/div><\/div><\/div>\n\t\t\t\t\t\t<\/div>\n\t\t\t\t<\/div>\n\t\t\t\t\t<\/div>\n\t\t<\/div>\n\t\t\t\t\t<\/div>\n\t\t<\/section>\n\t\t\t\t<section class=\"elementor-section elementor-top-section elementor-element elementor-element-43a8da9 elementor-section-full_width elementor-section-height-default elementor-section-height-default\" data-id=\"43a8da9\" data-element_type=\"section\">\n\t\t\t\t\t\t<div class=\"elementor-container elementor-column-gap-default\">\n\t\t\t\t\t<div class=\"elementor-column elementor-col-100 elementor-top-column elementor-element elementor-element-7adae64\" data-id=\"7adae64\" data-element_type=\"column\">\n\t\t\t<div class=\"elementor-widget-wrap elementor-element-populated\">\n\t\t\t\t\t\t<div class=\"elementor-element elementor-element-6f205e9 elementor-widget elementor-widget-heading\" data-id=\"6f205e9\" data-element_type=\"widget\" data-widget_type=\"heading.default\">\n\t\t\t\t<div class=\"elementor-widget-container\">\n\t\t\t\t\t<h2 class=\"elementor-heading-title elementor-size-default\">Why should I help Ecole des Sables?<\/h2>\t\t\t\t<\/div>\n\t\t\t\t<\/div>\n\t\t\t\t<div class=\"elementor-element elementor-element-3aa154a elementor-widget elementor-widget-text-editor\" data-id=\"3aa154a\" data-element_type=\"widget\" data-widget_type=\"text-editor.default\">\n\t\t\t\t<div class=\"elementor-widget-container\">\n\t\t\t\t\t\t\t\t\t<p>In March 2021, under the impetus of the new artistic direction of Alesandra Seutin and Wesley Ruzibiza, Ecole des Sables (EDS) launched Compagnie Jant-Bi II, made up of young dancers based in Senegal. It serves as a reservoir and pied-\u00e0-terre for the senior company. The company's fundamental mission is the training, creation and above all the dissemination of dance and its role as an element of development and social cohesion. Its ambition is to promote dance and make it accessible to all local communities in Senegal by 2030.<br \/><br \/>In parallel with this new project, regular courses are offered to members of the company and young Senegalese dancers, with the aim of developing their professional skills and enabling them to earn a living from their art.<br \/>Through this initiative, which targets a minimum of 30 dancers, EDS also wants to help reduce the exodus from the African continent by stimulating artistic talent in our communities and creating career opportunities for local professional dancers.<br \/><br \/>Since 1998, Ecole des Sables has been developing professional training programmes for young dancers and choreographers of African origin. To date, more than 800 dancers from 28 African countries, including 150 from Senegal, have been trained.<\/p>\t\t\t\t\t\t\t\t<\/div>\n\t\t\t\t<\/div>\n\t\t\t\t<div class=\"elementor-element elementor-element-3801dbe elementor-widget elementor-widget-heading\" data-id=\"3801dbe\" data-element_type=\"widget\" data-widget_type=\"heading.default\">\n\t\t\t\t<div class=\"elementor-widget-container\">\n\t\t\t\t\t<h2 class=\"elementor-heading-title elementor-size-default\">Donation management<\/h2>\t\t\t\t<\/div>\n\t\t\t\t<\/div>\n\t\t\t\t<div class=\"elementor-element elementor-element-da532ef elementor-widget elementor-widget-text-editor\" data-id=\"da532ef\" data-element_type=\"widget\" data-widget_type=\"text-editor.default\">\n\t\t\t\t<div class=\"elementor-widget-container\">\n\t\t\t\t\t\t\t\t\t<p>The Ecole des Sables receives donations through the Association les Amis de l'\u00c9cole des Sables, located in Meyzieu, France.<\/p><p>The aim of the association is to publicise the work of Ecole des Sables in France and elsewhere in the world, to support the projects and activities of \u00c9cole des Sables and, more broadly, choreographic creation, to mobilise resources to help fund \u00c9cole des Sables projects, and to encourage exchanges and partnerships between artists and professionals in France and Senegal and, more generally, in the North and South.<\/p>\t\t\t\t\t\t\t\t<\/div>\n\t\t\t\t<\/div>\n\t\t\t\t\t<\/div>\n\t\t<\/div>\n\t\t\t\t\t<\/div>\n\t\t<\/section>\n\t\t\t\t<\/div>","protected":false},"excerpt":{"rendered":"<p>Fa\u00eetes un don L\u2019\u00c9cole des Sables est une organisation \u00e0 but non lucratif et une partie de son budget provient de dons.Il existe diff\u00e9rentes fa\u00e7ons pour vous de devenir partenaires dans le cheminement, le r\u00eave et la r\u00e9alisation de l&rsquo;EDS.Qu&rsquo;il s&rsquo;agisse d&rsquo;un petit ou d&rsquo;un grand don, chaque partenariat nous permet de continuer \u00e0 explorer, [&hellip;]<\/p>\n","protected":false},"author":2,"featured_media":0,"parent":0,"menu_order":0,"comment_status":"closed","ping_status":"closed","template":"elementor_header_footer","meta":{"_acf_changed":false,"give_campaign_id":0,"footnotes":""},"class_list":["post-461","page","type-page","status-publish","hentry"],"acf":[],"yoast_head":"<!-- This site is optimized with the Yoast SEO plugin v27.4 - https:\/\/yoast.com\/product\/yoast-seo-wordpress\/ -->\n<title>Support - \u00c9cole des Sables<\/title>\n<meta name=\"robots\" content=\"index, follow, max-snippet:-1, max-image-preview:large, max-video-preview:-1\" \/>\n<link rel=\"canonical\" href=\"https:\/\/ecoledessables.org\/en\/support\/\" \/>\n<meta property=\"og:locale\" content=\"en_GB\" \/>\n<meta property=\"og:type\" content=\"article\" \/>\n<meta property=\"og:title\" content=\"Support - \u00c9cole des Sables\" \/>\n<meta property=\"og:description\" content=\"Fa\u00eetes un don L\u2019\u00c9cole des Sables est une organisation \u00e0 but non lucratif et une partie de son budget provient de dons.Il existe diff\u00e9rentes fa\u00e7ons pour vous de devenir partenaires dans le cheminement, le r\u00eave et la r\u00e9alisation de l&rsquo;EDS.Qu&rsquo;il s&rsquo;agisse d&rsquo;un petit ou d&rsquo;un grand don, chaque partenariat nous permet de continuer \u00e0 explorer, [&hellip;]\" \/>\n<meta property=\"og:url\" content=\"https:\/\/ecoledessables.org\/en\/support\/\" \/>\n<meta property=\"og:site_name\" content=\"\u00c9cole des Sables\" \/>\n<meta property=\"article:modified_time\" content=\"2024-09-09T17:19:31+00:00\" \/>\n<meta name=\"twitter:card\" content=\"summary_large_image\" \/>\n<meta name=\"twitter:label1\" content=\"Estimated reading time\" \/>\n\t<meta name=\"twitter:data1\" content=\"2 minutes\" \/>\n<script type=\"application\/ld+json\" class=\"yoast-schema-graph\">{\"@context\":\"https:\\\/\\\/schema.org\",\"@graph\":[{\"@type\":\"WebPage\",\"@id\":\"https:\\\/\\\/ecoledessables.org\\\/support\\\/\",\"url\":\"https:\\\/\\\/ecoledessables.org\\\/support\\\/\",\"name\":\"Support - \u00c9cole des Sables\",\"isPartOf\":{\"@id\":\"https:\\\/\\\/ecoledessables.org\\\/#website\"},\"datePublished\":\"2023-04-19T16:45:24+00:00\",\"dateModified\":\"2024-09-09T17:19:31+00:00\",\"breadcrumb\":{\"@id\":\"https:\\\/\\\/ecoledessables.org\\\/support\\\/#breadcrumb\"},\"inLanguage\":\"en-GB\",\"potentialAction\":[{\"@type\":\"ReadAction\",\"target\":[\"https:\\\/\\\/ecoledessables.org\\\/support\\\/\"]}]},{\"@type\":\"BreadcrumbList\",\"@id\":\"https:\\\/\\\/ecoledessables.org\\\/support\\\/#breadcrumb\",\"itemListElement\":[{\"@type\":\"ListItem\",\"position\":1,\"name\":\"Home\",\"item\":\"https:\\\/\\\/ecoledessables.org\\\/\"},{\"@type\":\"ListItem\",\"position\":2,\"name\":\"Support\"}]},{\"@type\":\"WebSite\",\"@id\":\"https:\\\/\\\/ecoledessables.org\\\/#website\",\"url\":\"https:\\\/\\\/ecoledessables.org\\\/\",\"name\":\"\u00c9cole des Sables\",\"description\":\"Centre International des Danses Africaines Traditionnelles et Contemporaines\",\"publisher\":{\"@id\":\"https:\\\/\\\/ecoledessables.org\\\/#organization\"},\"potentialAction\":[{\"@type\":\"SearchAction\",\"target\":{\"@type\":\"EntryPoint\",\"urlTemplate\":\"https:\\\/\\\/ecoledessables.org\\\/?s={search_term_string}\"},\"query-input\":{\"@type\":\"PropertyValueSpecification\",\"valueRequired\":true,\"valueName\":\"search_term_string\"}}],\"inLanguage\":\"en-GB\"},{\"@type\":\"Organization\",\"@id\":\"https:\\\/\\\/ecoledessables.org\\\/#organization\",\"name\":\"\u00c9cole des Sables\",\"url\":\"https:\\\/\\\/ecoledessables.org\\\/\",\"logo\":{\"@type\":\"ImageObject\",\"inLanguage\":\"en-GB\",\"@id\":\"https:\\\/\\\/ecoledessables.org\\\/#\\\/schema\\\/logo\\\/image\\\/\",\"url\":\"https:\\\/\\\/ecoledessables.org\\\/wp-content\\\/uploads\\\/2026\\\/03\\\/Logo-EDS-B.png\",\"contentUrl\":\"https:\\\/\\\/ecoledessables.org\\\/wp-content\\\/uploads\\\/2026\\\/03\\\/Logo-EDS-B.png\",\"width\":500,\"height\":500,\"caption\":\"\u00c9cole des Sables\"},\"image\":{\"@id\":\"https:\\\/\\\/ecoledessables.org\\\/#\\\/schema\\\/logo\\\/image\\\/\"}}]}<\/script>\n<!-- \/ Yoast SEO plugin. -->","yoast_head_json":{"title":"Support - \u00c9cole des Sables","robots":{"index":"index","follow":"follow","max-snippet":"max-snippet:-1","max-image-preview":"max-image-preview:large","max-video-preview":"max-video-preview:-1"},"canonical":"https:\/\/ecoledessables.org\/en\/support\/","og_locale":"en_GB","og_type":"article","og_title":"Support - \u00c9cole des Sables","og_description":"Fa\u00eetes un don L\u2019\u00c9cole des Sables est une organisation \u00e0 but non lucratif et une partie de son budget provient de dons.Il existe diff\u00e9rentes fa\u00e7ons pour vous de devenir partenaires dans le cheminement, le r\u00eave et la r\u00e9alisation de l&rsquo;EDS.Qu&rsquo;il s&rsquo;agisse d&rsquo;un petit ou d&rsquo;un grand don, chaque partenariat nous permet de continuer \u00e0 explorer, [&hellip;]","og_url":"https:\/\/ecoledessables.org\/en\/support\/","og_site_name":"\u00c9cole des Sables","article_modified_time":"2024-09-09T17:19:31+00:00","twitter_card":"summary_large_image","twitter_misc":{"Estimated reading time":"2 minutes"},"schema":{"@context":"https:\/\/schema.org","@graph":[{"@type":"WebPage","@id":"https:\/\/ecoledessables.org\/support\/","url":"https:\/\/ecoledessables.org\/support\/","name":"Support - \u00c9cole des Sables","isPartOf":{"@id":"https:\/\/ecoledessables.org\/#website"},"datePublished":"2023-04-19T16:45:24+00:00","dateModified":"2024-09-09T17:19:31+00:00","breadcrumb":{"@id":"https:\/\/ecoledessables.org\/support\/#breadcrumb"},"inLanguage":"en-GB","potentialAction":[{"@type":"ReadAction","target":["https:\/\/ecoledessables.org\/support\/"]}]},{"@type":"BreadcrumbList","@id":"https:\/\/ecoledessables.org\/support\/#breadcrumb","itemListElement":[{"@type":"ListItem","position":1,"name":"Home","item":"https:\/\/ecoledessables.org\/"},{"@type":"ListItem","position":2,"name":"Support"}]},{"@type":"WebSite","@id":"https:\/\/ecoledessables.org\/#website","url":"https:\/\/ecoledessables.org\/","name":"Ecole des Sables","description":"Centre International des Danses Africaines Traditionnelles et Contemporaines","publisher":{"@id":"https:\/\/ecoledessables.org\/#organization"},"potentialAction":[{"@type":"SearchAction","target":{"@type":"EntryPoint","urlTemplate":"https:\/\/ecoledessables.org\/?s={search_term_string}"},"query-input":{"@type":"PropertyValueSpecification","valueRequired":true,"valueName":"search_term_string"}}],"inLanguage":"en-GB"},{"@type":"Organization","@id":"https:\/\/ecoledessables.org\/#organization","name":"Ecole des Sables","url":"https:\/\/ecoledessables.org\/","logo":{"@type":"ImageObject","inLanguage":"en-GB","@id":"https:\/\/ecoledessables.org\/#\/schema\/logo\/image\/","url":"https:\/\/ecoledessables.org\/wp-content\/uploads\/2026\/03\/Logo-EDS-B.png","contentUrl":"https:\/\/ecoledessables.org\/wp-content\/uploads\/2026\/03\/Logo-EDS-B.png","width":500,"height":500,"caption":"\u00c9cole des Sables"},"image":{"@id":"https:\/\/ecoledessables.org\/#\/schema\/logo\/image\/"}}]}},"campaignId":"","_links":{"self":[{"href":"http:\/\/ecoledessables.org\/en\/wp-json\/wp\/v2\/pages\/461","targetHints":{"allow":["GET"]}}],"collection":[{"href":"http:\/\/ecoledessables.org\/en\/wp-json\/wp\/v2\/pages"}],"about":[{"href":"http:\/\/ecoledessables.org\/en\/wp-json\/wp\/v2\/types\/page"}],"author":[{"embeddable":true,"href":"http:\/\/ecoledessables.org\/en\/wp-json\/wp\/v2\/users\/2"}],"replies":[{"embeddable":true,"href":"http:\/\/ecoledessables.org\/en\/wp-json\/wp\/v2\/comments?post=461"}],"version-history":[{"count":103,"href":"http:\/\/ecoledessables.org\/en\/wp-json\/wp\/v2\/pages\/461\/revisions"}],"predecessor-version":[{"id":7348,"href":"http:\/\/ecoledessables.org\/en\/wp-json\/wp\/v2\/pages\/461\/revisions\/7348"}],"wp:attachment":[{"href":"http:\/\/ecoledessables.org\/en\/wp-json\/wp\/v2\/media?parent=461"}],"curies":[{"name":"wp","href":"https:\/\/api.w.org\/{rel}","templated":true}]}}